{"id":96,"date":"2025-06-01T11:36:01","date_gmt":"2025-06-01T09:36:01","guid":{"rendered":"https:\/\/time2move.pl\/?page_id=96"},"modified":"2025-06-01T11:40:23","modified_gmt":"2025-06-01T09:40:23","slug":"oferta","status":"publish","type":"page","link":"https:\/\/time2move.pl\/?page_id=96","title":{"rendered":"Oferta"},"content":{"rendered":"\n<p><\/p>\n\n\n\n<p><\/p>\n\n\n\n<p><\/p>\n\n\n\n<h2 class=\"wp-block-heading\" style=\"font-style:normal;font-weight:300\">Oferta<\/h2>\n\n\n\n<ul class=\"wp-block-list\">\n<li>BADANIE I TERAPIA NEUROROZWOJOWA W OPARCIU O KONCEPCJ\u0118 NDT \u2013 BOBATH DLA DZIECI I M\u0141ODZIE\u017bY W ZAKRESIE:<\/li>\n<\/ul>\n\n\n\n<p>\u2013 zaburzenia neurologiczne: mpd (m\u00f3zgowe pora\u017cenie dzieci\u0119ce), przepuklina oponowo \u2013 rdzeniowa, wady genetyczne<br>\u2013 zaburzenia napi\u0119cia mi\u0119\u015bniowego<br>\u2013 wady postawy, zaburzenia wzorc\u00f3w postawy i ruchu<br><\/p>\n\n\n\n<p>Metoda NDT-Bobath stosowana jest z powodzeniem dla wcze\u015bniak\u00f3w, niemowl\u0105t i dzieci starszych z zespo\u0142ami neurologicznymi, ortopedycznymi, genetycznymi oraz prezentuj\u0105cymi op\u00f3\u017anienia w rozwoju. Usprawnianie wed\u0142ug w\/w koncepcji ma pom\u00f3c dziecku we wszechstronnym rozwoju tak, aby mog\u0142o uzyska\u0107 niezale\u017cno\u015b\u0107 w \u017cyciu i wykorzysta\u0107 swe mo\u017cliwo\u015bci na tyle, na ile pozwala istniej\u0105ce uszkodzenie oun.<\/p>\n\n\n\n<ul class=\"wp-block-list\">\n<li>Diagnoza i Terapia wad postawy &#8211; je\u015bli martwi Cie postawa Twojego dziecka zapraszam do kontaktu<\/li>\n\n\n\n<li>Diagnoza i Terapia Integracji Sensorycznej (Sensory Integration) to metoda wspomagaj\u0105ca prawid\u0142owy rozw\u00f3j uk\u0142adu nerwowego i zdolno\u015b\u0107 do przetwarzania bod\u017ac\u00f3w sensorycznych. Polega na wykonywaniu przez dziecko \u0107wicze\u0144 i aktywno\u015bci dobranych indywidualnie do jego potrzeb.<\/li>\n<\/ul>\n\n\n\n<ul class=\"wp-block-list\">\n<li>Zaj\u0119cia rekreacyjne, trening si\u0142owy dla dzieci i m\u0142odzie\u017cy &#8211; trening og\u00f3lnorozwojowy skoncentrowany na wzmocnieniu mi\u0119\u015bni<\/li>\n<\/ul>\n\n\n\n<ul class=\"wp-block-list\">\n<li>Funkcjonalna elektrostymulacja &#8211; po\u0142\u0105czenie pr\u0105d\u00f3w z aktywnym napi\u0119ciem mi\u0119\u015bni. Czyli przeprowadzenie terapii w po\u0142\u0105czeniu<br>z elektrostymulacj\u0105<\/li>\n<\/ul>\n\n\n\n<ul class=\"wp-block-list\">\n<li>Kinesiology taping<\/li>\n<\/ul>\n\n\n\n<ul class=\"wp-block-list\">\n<li>Nauka przyjaznej piel\u0119gnacji Maluszka<br>dotycz\u0105ca prawid\u0142owego podnoszenia, noszenia, uk\u0142adania noworodka<\/li>\n<\/ul>\n","protected":false},"excerpt":{"rendered":"<p>Oferta \u2013 zaburzenia neurologiczne: mpd (m\u00f3zgowe pora\u017cenie dzieci\u0119ce), przepuklina oponowo \u2013 rdzeniowa, wady genetyczne\u2013 zaburzenia napi\u0119cia mi\u0119\u015bniowego\u2013 wady postawy, zaburzenia wzorc\u00f3w postawy i ruchu Metoda NDT-Bobath stosowana jest z powodzeniem &#8230;<\/p>\n","protected":false},"author":2,"featured_media":0,"parent":0,"menu_order":0,"comment_status":"closed","ping_status":"closed","template":"","meta":{"footnotes":""},"class_list":["post-96","page","type-page","status-publish","hentry"],"_links":{"self":[{"href":"https:\/\/time2move.pl\/index.php?rest_route=\/wp\/v2\/pages\/96","targetHints":{"allow":["GET"]}}],"collection":[{"href":"https:\/\/time2move.pl\/index.php?rest_route=\/wp\/v2\/pages"}],"about":[{"href":"https:\/\/time2move.pl\/index.php?rest_route=\/wp\/v2\/types\/page"}],"author":[{"embeddable":true,"href":"https:\/\/time2move.pl\/index.php?rest_route=\/wp\/v2\/users\/2"}],"replies":[{"embeddable":true,"href":"https:\/\/time2move.pl\/index.php?rest_route=%2Fwp%2Fv2%2Fcomments&post=96"}],"version-history":[{"count":5,"href":"https:\/\/time2move.pl\/index.php?rest_route=\/wp\/v2\/pages\/96\/revisions"}],"predecessor-version":[{"id":103,"href":"https:\/\/time2move.pl\/index.php?rest_route=\/wp\/v2\/pages\/96\/revisions\/103"}],"wp:attachment":[{"href":"https:\/\/time2move.pl\/index.php?rest_route=%2Fwp%2Fv2%2Fmedia&parent=96"}],"curies":[{"name":"wp","href":"https:\/\/api.w.org\/{rel}","templated":true}]}}