{"id":16,"date":"2025-05-30T21:05:10","date_gmt":"2025-05-30T19:05:10","guid":{"rendered":"https:\/\/time2move.pl\/?page_id=16"},"modified":"2025-06-01T11:54:04","modified_gmt":"2025-06-01T09:54:04","slug":"time2move-pl","status":"publish","type":"page","link":"https:\/\/time2move.pl\/","title":{"rendered":"O mnie"},"content":{"rendered":"\n\n\n\n\n<p><\/p>\n\n\n\n<h2 class=\"wp-block-heading\" style=\"font-style:normal;font-weight:300\">O mnie<\/h2>\n\n\n\n<p>Nazywam si\u0119 Sylwia i jestem dyplomowan\u0105 fizjoterapeutk\u0105, specjalizuj\u0105c\u0105 si\u0119 w fizjoterapii dzieci i niemowl\u0105t. Od ponad 10 lat towarzysz\u0119 najm\u0142odszym i ich rodzicom w drodze do sprawniejszego, bardziej komfortowego \u017cycia. Praca z dzie\u0107mi to dla mnie nie tylko zaw\u00f3d, ale przede wszystkim pasja i ogromna odpowiedzialno\u015b\u0107.<\/p>\n\n\n\n<div class=\"wp-block-group is-nowrap is-layout-flex wp-container-core-group-is-layout-ad2f72ca wp-block-group-is-layout-flex\">\n<p>W swojej pracy \u0142\u0105cz\u0119 wiedz\u0119 medyczn\u0105 z empati\u0105 i indywidualnym podej\u015bciem do ka\u017cdego ma\u0142ego pacjenta. Wiem, \u017ce ka\u017cde dziecko jest inne \u2014 dlatego terapi\u0119 zawsze dostosowuj\u0119 do jego potrzeb, mo\u017cliwo\u015bci i tempa rozwoju. Tworz\u0119 przestrze\u0144 pe\u0142n\u0105 zrozumienia, cierpliwo\u015bci i bezpiecze\u0144stwa \u2014 bo tylko w takiej atmosferze mo\u017cliwy jest prawdziwy post\u0119p.<\/p>\n<\/div>\n\n\n\n<p>Swoje kwalifikacje stale rozwijam, uczestnicz\u0105c w kursach i szkoleniach z zakresu nowoczesnych metod terapii, takich jak m.in. NDT-Bobath, terapia neurorozwojowa, integracja sensoryczna czy terapia r\u0119ki. Wsp\u00f3\u0142pracuj\u0119 r\u00f3wnie\u017c z pediatrami, neurologopedami i psychologami, by zapewni\u0107 dzieciom kompleksow\u0105 opiek\u0119.<\/p>\n\n\n\n<p>Ukonczenie studiow magisterskich na Akademii Wychowania Fizycznego im. Bronis\u0142awa Czecha w Krakowie. Studia podyplomowe z zakresu przygotowania pedagogicznego oraz edukacji i terapii dzieci \u017ce sprktrum autyzmu. <\/p>\n\n\n\n<p class=\"has-medium-font-size\">Uko\u0144czone kursy:<\/p>\n\n\n\n<ul class=\"wp-block-list\">\n<li>NDT-Bobath z rozszerzeniem o kurs NDT-Bobath Baby,<\/li>\n\n\n\n<li>PNF,<\/li>\n\n\n\n<li>PNF w Pediatrii,<\/li>\n\n\n\n<li>Terapia manualna w Pediatrii,<\/li>\n\n\n\n<li>Tr\u00f3jp\u0142aszczyznowa terapia st\u00f3p,<\/li>\n\n\n\n<li>Kinesiology taping,<\/li>\n\n\n\n<li>Kurs I i II stopnia Integracji Sensorycznej.<\/li>\n<\/ul>\n\n\n\n<p>Prawo wykonywania zawodu nr 10478.<\/p>\n\n\n\n<p>Prywatnie jestem mam\u0105, co dodatkowo pomaga mi lepiej rozumie\u0107 troski i potrzeby rodzic\u00f3w. Wiem, jak wa\u017cne jest wsparcie, zaufanie i poczucie, \u017ce dziecko jest w dobrych r\u0119kach.<\/p>\n\n\n\n<p>Je\u015bli szukasz fizjoterapeuty, kt\u00f3ry z zaanga\u017cowaniem i sercem podejdzie do Twojego dziecka \u2014 serdecznie zapraszam do kontaktu.<\/p>\n\n\n\n<p class=\"has-text-align-right\"><strong>Sylwia Janowska<\/strong><br>Fizjoterapeutka dzieci\u0119ca<\/p>\n\n\n\n<p><\/p>\n\n\n\n<p><\/p>\n","protected":false},"excerpt":{"rendered":"<p>O mnie Nazywam si\u0119 Sylwia i jestem dyplomowan\u0105 fizjoterapeutk\u0105, specjalizuj\u0105c\u0105 si\u0119 w fizjoterapii dzieci i niemowl\u0105t. Od ponad 10 lat towarzysz\u0119 najm\u0142odszym i ich rodzicom w drodze do sprawniejszego, bardziej &#8230;<\/p>\n","protected":false},"author":1,"featured_media":0,"parent":0,"menu_order":0,"comment_status":"closed","ping_status":"closed","template":"","meta":{"footnotes":""},"class_list":["post-16","page","type-page","status-publish","hentry"],"_links":{"self":[{"href":"https:\/\/time2move.pl\/index.php?rest_route=\/wp\/v2\/pages\/16","targetHints":{"allow":["GET"]}}],"collection":[{"href":"https:\/\/time2move.pl\/index.php?rest_route=\/wp\/v2\/pages"}],"about":[{"href":"https:\/\/time2move.pl\/index.php?rest_route=\/wp\/v2\/types\/page"}],"author":[{"embeddable":true,"href":"https:\/\/time2move.pl\/index.php?rest_route=\/wp\/v2\/users\/1"}],"replies":[{"embeddable":true,"href":"https:\/\/time2move.pl\/index.php?rest_route=%2Fwp%2Fv2%2Fcomments&post=16"}],"version-history":[{"count":12,"href":"https:\/\/time2move.pl\/index.php?rest_route=\/wp\/v2\/pages\/16\/revisions"}],"predecessor-version":[{"id":121,"href":"https:\/\/time2move.pl\/index.php?rest_route=\/wp\/v2\/pages\/16\/revisions\/121"}],"wp:attachment":[{"href":"https:\/\/time2move.pl\/index.php?rest_route=%2Fwp%2Fv2%2Fmedia&parent=16"}],"curies":[{"name":"wp","href":"https:\/\/api.w.org\/{rel}","templated":true}]}}