{"id":104,"date":"2025-06-01T11:41:06","date_gmt":"2025-06-01T09:41:06","guid":{"rendered":"https:\/\/time2move.pl\/?page_id=104"},"modified":"2025-06-01T19:46:42","modified_gmt":"2025-06-01T17:46:42","slug":"cennik","status":"publish","type":"page","link":"https:\/\/time2move.pl\/?page_id=104","title":{"rendered":"Cennik"},"content":{"rendered":"\n<p><\/p>\n\n\n\n<div class=\"wp-block-columns is-layout-flex wp-container-core-columns-is-layout-9d6595d7 wp-block-columns-is-layout-flex\">\n<div class=\"wp-block-column is-layout-flow wp-block-column-is-layout-flow\" style=\"flex-basis:66.66%\">\n<h2 class=\"wp-block-heading\" style=\"font-style:normal;font-weight:300\">Cennik<\/h2>\n\n\n\n<p>\u2022 Pierwsza wizyta fizjoterapeutyczna koszt 150z\u0142 <\/p>\n\n\n\n<p>\u2022 W przypadku cz\u0119stych spotka\u0144, d\u0142ugotrwa\u0142ej terapii ceny s\u0105 ustalane indywidualnie z fizjoterapeut\u0105. <\/p>\n\n\n\n<p><strong>Inne us\u0142ugi:<\/strong><\/p>\n\n\n\n<p>\u2022 Terapia SI &#8211; 110z\u0142 <\/p>\n\n\n\n<p>\u2022 Elektrostymulacja funkcjonalna 80z\u0142 <\/p>\n\n\n\n<p>\u2022 Kinesiology taping 20-50z\u0142 <\/p>\n\n\n\n<p>\u2022 Porada I instrukta\u017c ma\u0142ego dziecka 100z\u0142<\/p>\n\n\n\n<p><\/p>\n<\/div>\n\n\n\n<div class=\"wp-block-column is-layout-flow wp-block-column-is-layout-flow\" style=\"flex-basis:33.33%\">\n<figure class=\"wp-block-image size-full ramkaccc\"><img loading=\"lazy\" decoding=\"async\" width=\"1200\" height=\"1350\" src=\"https:\/\/time2move.pl\/wp-content\/uploads\/2025\/06\/baby.webp\" alt=\"\" class=\"wp-image-110\" srcset=\"https:\/\/time2move.pl\/wp-content\/uploads\/2025\/06\/baby.webp 1200w, https:\/\/time2move.pl\/wp-content\/uploads\/2025\/06\/baby-267x300.webp 267w, https:\/\/time2move.pl\/wp-content\/uploads\/2025\/06\/baby-910x1024.webp 910w, https:\/\/time2move.pl\/wp-content\/uploads\/2025\/06\/baby-768x864.webp 768w\" sizes=\"auto, (max-width: 1200px) 100vw, 1200px\" \/><\/figure>\n<\/div>\n<\/div>\n\n\n\n<p><strong>Czas trwania wizyty to 45-60min w zale\u017cno\u015bci od wykonywanej us\u0142ugi.<\/strong><\/p>\n\n\n\n<p><\/p>\n","protected":false},"excerpt":{"rendered":"<p>Cennik \u2022 Pierwsza wizyta fizjoterapeutyczna koszt 150z\u0142 \u2022 W przypadku cz\u0119stych spotka\u0144, d\u0142ugotrwa\u0142ej terapii ceny s\u0105 ustalane indywidualnie z fizjoterapeut\u0105. Inne us\u0142ugi: \u2022 Terapia SI &#8211; 110z\u0142 \u2022 Elektrostymulacja funkcjonalna &#8230;<\/p>\n","protected":false},"author":2,"featured_media":0,"parent":0,"menu_order":0,"comment_status":"closed","ping_status":"closed","template":"","meta":{"footnotes":""},"class_list":["post-104","page","type-page","status-publish","hentry"],"_links":{"self":[{"href":"https:\/\/time2move.pl\/index.php?rest_route=\/wp\/v2\/pages\/104","targetHints":{"allow":["GET"]}}],"collection":[{"href":"https:\/\/time2move.pl\/index.php?rest_route=\/wp\/v2\/pages"}],"about":[{"href":"https:\/\/time2move.pl\/index.php?rest_route=\/wp\/v2\/types\/page"}],"author":[{"embeddable":true,"href":"https:\/\/time2move.pl\/index.php?rest_route=\/wp\/v2\/users\/2"}],"replies":[{"embeddable":true,"href":"https:\/\/time2move.pl\/index.php?rest_route=%2Fwp%2Fv2%2Fcomments&post=104"}],"version-history":[{"count":8,"href":"https:\/\/time2move.pl\/index.php?rest_route=\/wp\/v2\/pages\/104\/revisions"}],"predecessor-version":[{"id":124,"href":"https:\/\/time2move.pl\/index.php?rest_route=\/wp\/v2\/pages\/104\/revisions\/124"}],"wp:attachment":[{"href":"https:\/\/time2move.pl\/index.php?rest_route=%2Fwp%2Fv2%2Fmedia&parent=104"}],"curies":[{"name":"wp","href":"https:\/\/api.w.org\/{rel}","templated":true}]}}